{"id":69,"date":"2012-02-24T18:39:01","date_gmt":"2012-02-24T18:39:01","guid":{"rendered":"http:\/\/junkersbuero.com\/?page_id=69"},"modified":"2026-03-18T16:19:20","modified_gmt":"2026-03-18T16:19:20","slug":"preise","status":"publish","type":"page","link":"https:\/\/junkersbuero.com\/?page_id=69","title":{"rendered":"Preise JUNKERS BUERO"},"content":{"rendered":"<p><strong>PREISE <\/strong><\/p>\r\n<p><strong>Eventmanagement:<\/strong> <br \/>Grunds\u00e4tzlich ist jedes Event anders und muss daher individuell betrachtet werden &#8211;<br \/>als Richtwert k\u00f6nnen Sie mit ca. 20 % der Kosten des Gesamtauftragsvolumens an die Agentur als Projektleitung rechnen.<\/p>\r\n<p>Bei reinen Kunst- und Kultur Events oder bei sehr lang andauernder Projektzeit berechnen wir nach Absprache auch weniger.<\/p>\r\n<p><strong>Unsere Preisgestaltung ist transparent. Wir geben nicht nur unser Know-How, sondern auch unsere g\u00fcnstigen Liefer- &amp; Auftragsbedingungen in unserem Netzwerk direkt an Sie weiter<\/strong> (siehe dazu auch AGB 6.4. Konkurrenzschutz).<\/p>\r\n<p>Das bedeutet, dass JUNKERS BUERO sich schon innerhalb dieser Konditionen selbst bezahlt macht, denn es werden in der Regel 15-20 % weniger an uns berechnet, als wenn Sie diese Leistungen einzeln buchen w\u00fcrden \u2013 ganz gleich, ob das nun ein\/e K\u00fcnstler:in , eine Location oder ein technische\/n Leiter:in bzw. das Catering<br \/>oder die Technik f\u00fcr Ihr Event ist.<\/p>\r\n<p>Die Kostens\u00e4tze<strong> 2026 <\/strong>f\u00fcr Senior-Beratung, Projektleitung, Produktionsleitung o.\u00e4. sind folgende (&amp; Mwst.):<\/p>\r\n<p><strong>1 Stunde\u00a0\u00a0\u00a0\u00a0\u00a0\u00a0\u00a0 \u00a0\u00a0\u00a0\u00a0 \u00a0\u00bd Tag \u00a0 \u00a0 \u00a0 \u00a0 \u00a0 \u00a0 \u00a0 1 Tag \u00a0 \u00a0 \u00a0 \u00a0 \u00a0 \u00a0 \u00a0 \u00a0 \u00a0 \u00a01 Woche \u00a0\u00a0\u00a0\u00a0\u00a0\u00a0\u00a0\u00a0\u00a0\u00a0 \u00a0 \u00a0\u00a0 1 Monat \u00a0\u00a0\u00a0\u00a0\u00a0\u00a0\u00a0\u00a0\u00a0\u00a0\u00a0\u00a0 <\/strong><strong><br \/><\/strong>\u00a0 \u00a0 \u00a0 \u00a0 \u00a0 \u00a0 \u00a0 \u00a0 \u00a0 \u00a0 \u00a0 \u00a0 \u00a0 \u00a0 4 Std. \u00a0 \u00a0 \u00a0 \u00a0 \u00a0 \u00a0 \u00a08 Std. \u00a0 \u00a0 \u00a0 \u00a0 \u00a0 \u00a0 \u00a0 \u00a0 5 Tage \u00a0 \u00a0 \u00a0 \u00a0 \u00a0 \u00a0 \u00a0 \u00a04 Wochen<\/p>\r\n<div>\r\n<p><strong>\u20ac 90.<\/strong>-(auf 85.-) \u00a0<strong> 340.-\u00a0 \u00a0 \u00a0 \u00a0 \u00a0 \u00a0 \u00a0 \u00a0 680.- \u00a0 \u00a0 <\/strong>(auf 80.-<strong>)3.200.- \u00a0 \u00a0 \u00a0 \u00a0 \u00a0 \u00a0 12.800 .- Euro\u00a0\u00a0\u00a0 <\/strong><em>rabattiert\u00a0<\/em><\/p>\r\n<p><em><del>.- \u00a0 \u00a0es w\u00e4ren \u00a0 \u00a0 \u00a0360.- \u00a0 \u00a0 \u00a0 \u00a0 \u00a0 \u00a0 \u00a0 720.&#8211; \u00a0 \u00a0 \u00a0 \u00a0 \u00a0 \u00a0 \u00a03.600.&#8211; \u00a0 \u00a0 \u00a0 \u00a0 \u00a0 \u00a0 \u00a0 \u00a0 14.000.-.- \u00a0 rein rechnerisch<\/del><\/em><\/p>\r\n<\/div>\r\n<p>Produktionstage on Location o.\u00e4. werden pro Tag (+ 10 Std.) mit<strong>\u00a0 950.- Euro<\/strong> verrechnet.<\/p>\r\n<p>Das Erstgespr\u00e4ch f\u00fcr Auftr\u00e4ge ist selbstverst\u00e4ndlich kostenfrei!<\/p>\r\n<p>Bitte kontaktieren Sie mich unverbindlich:\u00a0aj (at) junkersbuero.com &#8211; Andrea M. Junker<\/p>\r\n\r\n<figure class=\"wp-block-gallery has-nested-images columns-default is-cropped wp-block-gallery-1 is-layout-flex wp-block-gallery-is-layout-flex\">\r\n<figure class=\"wp-block-image size-large\"><a href=\"https:\/\/junkersbuero.com\/wp-content\/uploads\/2024\/01\/IMG_4621-scaled.jpg\"><img loading=\"lazy\" decoding=\"async\" width=\"768\" height=\"1024\" data-id=\"1213\" class=\"wp-image-1213\" src=\"https:\/\/junkersbuero.com\/wp-content\/uploads\/2024\/01\/IMG_4621-768x1024.jpg\" alt=\"\" srcset=\"https:\/\/junkersbuero.com\/wp-content\/uploads\/2024\/01\/IMG_4621-768x1024.jpg 768w, https:\/\/junkersbuero.com\/wp-content\/uploads\/2024\/01\/IMG_4621-225x300.jpg 225w, https:\/\/junkersbuero.com\/wp-content\/uploads\/2024\/01\/IMG_4621-1152x1536.jpg 1152w, https:\/\/junkersbuero.com\/wp-content\/uploads\/2024\/01\/IMG_4621-1536x2048.jpg 1536w, https:\/\/junkersbuero.com\/wp-content\/uploads\/2024\/01\/IMG_4621-261x348.jpg 261w, https:\/\/junkersbuero.com\/wp-content\/uploads\/2024\/01\/IMG_4621-688x917.jpg 688w, https:\/\/junkersbuero.com\/wp-content\/uploads\/2024\/01\/IMG_4621-scaled.jpg 1920w\" sizes=\"(max-width: 768px) 100vw, 768px\" \/><\/a><\/figure>\r\n\r\n\r\n\r\n<figure class=\"wp-block-image size-large\"><a href=\"https:\/\/junkersbuero.com\/wp-content\/uploads\/2024\/01\/IMG_4605-scaled.jpg\"><img loading=\"lazy\" decoding=\"async\" width=\"768\" height=\"1024\" data-id=\"1212\" class=\"wp-image-1212\" src=\"https:\/\/junkersbuero.com\/wp-content\/uploads\/2024\/01\/IMG_4605-768x1024.jpg\" alt=\"\" srcset=\"https:\/\/junkersbuero.com\/wp-content\/uploads\/2024\/01\/IMG_4605-768x1024.jpg 768w, https:\/\/junkersbuero.com\/wp-content\/uploads\/2024\/01\/IMG_4605-225x300.jpg 225w, https:\/\/junkersbuero.com\/wp-content\/uploads\/2024\/01\/IMG_4605-1152x1536.jpg 1152w, https:\/\/junkersbuero.com\/wp-content\/uploads\/2024\/01\/IMG_4605-1536x2048.jpg 1536w, https:\/\/junkersbuero.com\/wp-content\/uploads\/2024\/01\/IMG_4605-261x348.jpg 261w, https:\/\/junkersbuero.com\/wp-content\/uploads\/2024\/01\/IMG_4605-688x917.jpg 688w, https:\/\/junkersbuero.com\/wp-content\/uploads\/2024\/01\/IMG_4605-scaled.jpg 1920w\" sizes=\"(max-width: 768px) 100vw, 768px\" \/><\/a><\/figure>\r\n\r\n\r\n\r\n<figure class=\"wp-block-image size-large\"><a href=\"https:\/\/junkersbuero.com\/wp-content\/uploads\/2024\/01\/IMG_2093-scaled.jpg\"><img loading=\"lazy\" decoding=\"async\" width=\"1024\" height=\"1024\" data-id=\"1210\" class=\"wp-image-1210\" src=\"https:\/\/junkersbuero.com\/wp-content\/uploads\/2024\/01\/IMG_2093-1024x1024.jpg\" alt=\"\" srcset=\"https:\/\/junkersbuero.com\/wp-content\/uploads\/2024\/01\/IMG_2093-1024x1024.jpg 1024w, https:\/\/junkersbuero.com\/wp-content\/uploads\/2024\/01\/IMG_2093-300x300.jpg 300w, https:\/\/junkersbuero.com\/wp-content\/uploads\/2024\/01\/IMG_2093-150x150.jpg 150w, https:\/\/junkersbuero.com\/wp-content\/uploads\/2024\/01\/IMG_2093-768x768.jpg 768w, https:\/\/junkersbuero.com\/wp-content\/uploads\/2024\/01\/IMG_2093-1536x1536.jpg 1536w, https:\/\/junkersbuero.com\/wp-content\/uploads\/2024\/01\/IMG_2093-2048x2048.jpg 2048w, https:\/\/junkersbuero.com\/wp-content\/uploads\/2024\/01\/IMG_2093-200x200.jpg 200w, https:\/\/junkersbuero.com\/wp-content\/uploads\/2024\/01\/IMG_2093-348x348.jpg 348w, https:\/\/junkersbuero.com\/wp-content\/uploads\/2024\/01\/IMG_2093-688x688.jpg 688w\" sizes=\"(max-width: 1024px) 100vw, 1024px\" \/><\/a><\/figure>\r\n\r\n\r\n\r\n<figure class=\"wp-block-image size-large\"><a href=\"https:\/\/junkersbuero.com\/wp-content\/uploads\/2024\/01\/IMG_1017-scaled.jpg\"><img loading=\"lazy\" decoding=\"async\" width=\"1024\" height=\"768\" data-id=\"1205\" class=\"wp-image-1205\" src=\"https:\/\/junkersbuero.com\/wp-content\/uploads\/2024\/01\/IMG_1017-1024x768.jpg\" alt=\"\" srcset=\"https:\/\/junkersbuero.com\/wp-content\/uploads\/2024\/01\/IMG_1017-1024x768.jpg 1024w, https:\/\/junkersbuero.com\/wp-content\/uploads\/2024\/01\/IMG_1017-300x225.jpg 300w, https:\/\/junkersbuero.com\/wp-content\/uploads\/2024\/01\/IMG_1017-768x576.jpg 768w, https:\/\/junkersbuero.com\/wp-content\/uploads\/2024\/01\/IMG_1017-1536x1152.jpg 1536w, https:\/\/junkersbuero.com\/wp-content\/uploads\/2024\/01\/IMG_1017-2048x1536.jpg 2048w, https:\/\/junkersbuero.com\/wp-content\/uploads\/2024\/01\/IMG_1017-460x345.jpg 460w, https:\/\/junkersbuero.com\/wp-content\/uploads\/2024\/01\/IMG_1017-688x516.jpg 688w\" sizes=\"(max-width: 1024px) 100vw, 1024px\" \/><\/a><\/figure>\r\n<\/figure>\r\n","protected":false},"excerpt":{"rendered":"<p>PREISE Eventmanagement: Grunds\u00e4tzlich ist jedes Event anders und muss daher individuell betrachtet werden &#8211;als Richtwert k\u00f6nnen Sie mit ca. 20 % der Kosten des Gesamtauftragsvolumens an die Agentur als Projektleitung rechnen. Bei reinen Kunst- und Kultur Events oder bei sehr lang andauernder Projektzeit berechnen wir nach Absprache auch weniger. Unsere Preisgestaltung ist transparent. Wir geben &#8230;<\/p>\n","protected":false},"author":1,"featured_media":0,"parent":0,"menu_order":0,"comment_status":"closed","ping_status":"closed","template":"","meta":{"footnotes":""},"_links":{"self":[{"href":"https:\/\/junkersbuero.com\/index.php?rest_route=\/wp\/v2\/pages\/69"}],"collection":[{"href":"https:\/\/junkersbuero.com\/index.php?rest_route=\/wp\/v2\/pages"}],"about":[{"href":"https:\/\/junkersbuero.com\/index.php?rest_route=\/wp\/v2\/types\/page"}],"author":[{"embeddable":true,"href":"https:\/\/junkersbuero.com\/index.php?rest_route=\/wp\/v2\/users\/1"}],"replies":[{"embeddable":true,"href":"https:\/\/junkersbuero.com\/index.php?rest_route=%2Fwp%2Fv2%2Fcomments&post=69"}],"version-history":[{"count":48,"href":"https:\/\/junkersbuero.com\/index.php?rest_route=\/wp\/v2\/pages\/69\/revisions"}],"predecessor-version":[{"id":1378,"href":"https:\/\/junkersbuero.com\/index.php?rest_route=\/wp\/v2\/pages\/69\/revisions\/1378"}],"wp:attachment":[{"href":"https:\/\/junkersbuero.com\/index.php?rest_route=%2Fwp%2Fv2%2Fmedia&parent=69"}],"curies":[{"name":"wp","href":"https:\/\/api.w.org\/{rel}","templated":true}]}}