{"id":96,"date":"2012-02-24T19:20:11","date_gmt":"2012-02-24T19:20:11","guid":{"rendered":"http:\/\/junkersbuero.com\/?page_id=96"},"modified":"2022-01-24T09:45:34","modified_gmt":"2022-01-24T09:45:34","slug":"ehrencodex","status":"publish","type":"page","link":"https:\/\/junkersbuero.com\/?page_id=96","title":{"rendered":"Impressum &#038; Haftungsbeschr\u00e4nkung"},"content":{"rendered":"<p><strong>Impressum \/ Kontakt<\/strong><\/p>\n<p>Informationspflicht laut \u00a75 E-Commerce Gesetz, \u00a714 Unternehmensgesetzbuch,<br \/>\n\u00a763 Gewerbeordnung und Offenlegungspflicht laut \u00a725 Mediengesetz.<\/p>\n<p><strong>JUNKERS BUERO<\/strong><br \/>\nA. M. Junker<br \/>\nStorchengasse 24<br \/>\nA-1150 WIEN<\/p>\n<p><strong>UID AT66579589<\/strong><\/p>\n<p>E-Mail : <a href=\"mailto:aj@junkersbuero.com\">aj (at) junkersbuero.com<\/a><\/p>\n<p>Mobil\u00a0 Tel : 0043 (0) 699 &#8211; 1818 6293<\/p>\n<p>&#8211;<br \/>\nUnternehmensgegenstand: Veranstaltungsmanagement, Marketing &amp; Consulting<\/p>\n<p>Mitglied der WK\u00d6<br \/>\nWirtschaftskammer Wien,<br \/>\nFachgruppe Werbung und Marktkommunikation<\/p>\n<p>EU Streitschlichung\/ Angaben zur Online-Streitbeilegung:<br \/>\nVerbraucher k\u00f6nnen Beschwerden an die OnlineStreitbeilegungsplattform der EU richten:\u00a0<a href=\"https:\/\/ec.europa.eu\/consumers\/odr\/main\/index.cfm?event=main.home2.show&amp;lng=DE\" rel=\"nofollow\">https:\/\/ec.europa.eu\/consumers\/odr\/main\/index.cfm?event=main.home2.show&amp;lng=DE<\/a>.<\/p>\n<p>Sie k\u00f6nnen allf\u00e4llige Beschwerde auch an die oben angegebene E-Mail-Adresse richten.<\/p>\n<p>_<\/p>\n<p><strong>HAFTUNGSAUSSCHLUSS<\/strong><\/p>\n<p><strong>1. Inhalt des Onlineangebotes<\/strong><\/p>\n<p>Diese Website bildet den tempor\u00e4ren Stand eines kontinuierlichen Arbeitsprozesses ab. Obwohl bei der Zusammenstellung der auf dieser Website enthaltenen Inhalte und Services gr\u00f6sste Sorgfalt und Kontrolle angewandt wurde, kann JUNKERS BUERO (Andrea M. Junker) f\u00fcr die Aktualit\u00e4t, Korrektheit, Vollst\u00e4ndigkeit oder Qualit\u00e4t keine Gew\u00e4hr \u00fcbernehmen. Haftungsanspr\u00fcche gegen JUNKERS BUERO (Andrea M. Junker), die sich auf Sch\u00e4den materieller oder ideeller Art beziehen, welche durch die Nutzung oder Nichtnutzung der dargebotenen Inhalte und Services oder durch die Nutzung fehlerhafter und unvollst\u00e4ndiger Informationen verursacht wurden, sind grunds\u00e4tzlich ausgeschlossen, sofern seitens JUNKERS BUERO kein nachweislich vors\u00e4tzliches oder grob fahrl\u00e4ssiges Verschulden vorliegt. Wir behalten uns ausdr\u00fccklich vor, \u00c4nderungen der Inhalte und Services ohne gesonderte Ank\u00fcndigung zu ver\u00e4ndern, zu erg\u00e4nzen, zu l\u00f6schen oder das gesamte Angebot oder die Ver\u00f6ffentlichung zeitweise oder endg\u00fcltig einzustellen. <span style=\"text-decoration: underline;\">Alle Angebote sind freibleibend und unverbindlich.<\/span><\/p>\n<p><strong>2. Verweise und Links<\/strong><\/p>\n<p>Bei direkten oder indirekten Verweisen auf fremde Webseiten (&#8222;Hyperlinks&#8220;), die ausserhalb des Verantwortungsbereiches von JUNKERS BUERO liegen, w\u00fcrde eine Haftungsverpflichtung ausschliesslich in dem Fall in Kraft treten, in dem wir von den Inhalten Kenntnis hatten und es uns technisch m\u00f6glich und zumutbar w\u00e4re, die Nutzung im Falle rechtswidriger Inhalte zu verhindern. Wir erkl\u00e4ren hiermit ausdr\u00fccklich, dass zum Zeitpunkt der Linksetzung keine illegalen Inhalte auf den zu verlinkenden Seiten erkennbar waren. Auf die aktuelle und zuk\u00fcnftige Gestaltung, die Inhalte oder die Urheberschaft der gelinkten\/verkn\u00fcpften Seiten haben wir keinerlei Einfluss. Deshalb distanzieren wir uns hiermit ausdr\u00fccklich von allen Inhalten aller gelinkten \/verkn\u00fcpften Seiten, die nach der Linksetzung ver\u00e4ndert wurden. Diese Feststellung gilt f\u00fcr alle innerhalb des eigenen Internetangebotes gesetzten Links und Verweise sowie f\u00fcr Fremdeintr\u00e4ge in von uns eingerichteten G\u00e4steb\u00fcchern, Diskussionsforen und Mailinglisten. F\u00fcr illegale, fehlerhafte oder unvollst\u00e4ndige Inhalte und insbesondere f\u00fcr Sch\u00e4den, die aus der Nutzung oder Nichtnutzung solcherart dargebotener Informationen entstehen, haftet allein der Anbieter der Seite, auf welche verwiesen wurde, nicht derjenige, der \u00fcber Links auf die jeweilige Ver\u00f6ffentlichung lediglich verweist.<\/p>\n<p><strong>3. Urheber- und Kennzeichenrecht<\/strong><\/p>\n<p>Alle innerhalb des Internetangebotes genannten und ggf. durch Dritte gesch\u00fctzten Marken- und Warenzeichen unterliegen uneingeschr\u00e4nkt den Bestimmungen des jeweils g\u00fcltigen Kennzeichenrechts und den Besitzrechten der jeweiligen eingetragenen Eigent\u00fcmer. Allein aufgrund der blossen Nennung ist nicht der Schluss zu ziehen, dass Markenzeichen nicht durch Rechte Dritter gesch\u00fctzt sind.<\/p>\n<p><strong>4. Datenschutz<\/strong><\/p>\n<p>Die im Newsletter angegebenen pers\u00f6nlichen oder gesch\u00e4ftlicher Daten (eMail-Adressen, Namen, Anschriften), erfolgen seitens des Nutzers auf ausdr\u00fccklich freiwilliger Basis.<\/p>\n<p>Die Nutzung der im Rahmen des Impressums oder vergleichbarer Angaben ver\u00f6ffentlichten Kontaktdaten wie Postanschriften, Telefon- und Faxnummern sowie Emailadressen durch Dritte zur \u00fcbersendung von nicht ausdr\u00fccklich angeforderten Informationen ist nicht gestattet. Rechtliche Schritte gegen die Versender von sogenannten Spam-Mails bei Verst\u00f6ssen gegen dieses Verbot sind ausdr\u00fccklich vorbehalten.<\/p>\n<p><strong>5. Rechtswirksamkeit dieses Haftungsausschlusses<\/strong><\/p>\n<p>Dieser Haftungsausschluss ist als Teil des Internetangebotes zu betrachten, von dem aus auf diese Seite verwiesen wurde. Sofern Teile oder einzelne Formulierungen dieses Textes der geltenden Rechtslage nicht, nicht mehr oder nicht vollst\u00e4ndig entsprechen sollten, bleiben die \u00fcbrigen Teile des Dokumentes in ihrem Inhalt und ihrer G\u00fcltigkeit davon unber\u00fchrt._<\/p>\n<p>_____<\/p>\n<p>\u00a9 Copyright<\/p>\n<p>Die Verwendung der auf\u00a0<a href=\"http:\/\/www.junkersbuero.com\/\">www.junkersbuero.com<\/a>\u00a0angebotenen Fotos und Artworks, sowie der verf\u00fcgbaren Texte, ob ganz oder teilweise, bedarf vorheriger schriftlicher Einwilligung. Alle weiteren Rechte behalten wir uns vor.<\/p>\n<div><\/div>\n","protected":false},"excerpt":{"rendered":"<p>Impressum \/ Kontakt Informationspflicht laut \u00a75 E-Commerce Gesetz, \u00a714 Unternehmensgesetzbuch, \u00a763 Gewerbeordnung und Offenlegungspflicht laut \u00a725 Mediengesetz. JUNKERS BUERO A. M. Junker Storchengasse 24 A-1150 WIEN UID AT66579589 E-Mail : aj (at) junkersbuero.com Mobil\u00a0 Tel : 0043 (0) 699 &#8211; 1818 6293 &#8211; Unternehmensgegenstand: Veranstaltungsmanagement, Marketing &amp; Consulting Mitglied der WK\u00d6 Wirtschaftskammer Wien, Fachgruppe Werbung &#8230;<\/p>\n","protected":false},"author":1,"featured_media":0,"parent":0,"menu_order":0,"comment_status":"closed","ping_status":"closed","template":"","meta":{"footnotes":""},"_links":{"self":[{"href":"https:\/\/junkersbuero.com\/index.php?rest_route=\/wp\/v2\/pages\/96"}],"collection":[{"href":"https:\/\/junkersbuero.com\/index.php?rest_route=\/wp\/v2\/pages"}],"about":[{"href":"https:\/\/junkersbuero.com\/index.php?rest_route=\/wp\/v2\/types\/page"}],"author":[{"embeddable":true,"href":"https:\/\/junkersbuero.com\/index.php?rest_route=\/wp\/v2\/users\/1"}],"replies":[{"embeddable":true,"href":"https:\/\/junkersbuero.com\/index.php?rest_route=%2Fwp%2Fv2%2Fcomments&post=96"}],"version-history":[{"count":25,"href":"https:\/\/junkersbuero.com\/index.php?rest_route=\/wp\/v2\/pages\/96\/revisions"}],"predecessor-version":[{"id":1091,"href":"https:\/\/junkersbuero.com\/index.php?rest_route=\/wp\/v2\/pages\/96\/revisions\/1091"}],"wp:attachment":[{"href":"https:\/\/junkersbuero.com\/index.php?rest_route=%2Fwp%2Fv2%2Fmedia&parent=96"}],"curies":[{"name":"wp","href":"https:\/\/api.w.org\/{rel}","templated":true}]}}